{"id":3870,"date":"2023-03-13T09:27:50","date_gmt":"2023-03-13T09:27:50","guid":{"rendered":"https:\/\/lagerkoll.com\/?page_id=3870"},"modified":"2023-03-13T09:34:05","modified_gmt":"2023-03-13T09:34:05","slug":"priser","status":"publish","type":"page","link":"https:\/\/lagerkoll.com\/en\/priser\/","title":{"rendered":"Priser i Lagerkoll"},"content":{"rendered":"<div data-elementor-type=\"wp-page\" data-elementor-id=\"3870\" class=\"elementor elementor-3870\">\n\t\t\t\t\t\t<section class=\"elementor-section elementor-top-section elementor-element elementor-element-15d1da7 elementor-section-boxed elementor-section-height-default elementor-section-height-default exad-glass-effect-no exad-sticky-section-no\" data-id=\"15d1da7\" data-element_type=\"section\" data-e-type=\"section\">\n\t\t\t\t\t\t<div class=\"elementor-container elementor-column-gap-default\">\n\t\t\t\t\t<div class=\"elementor-column elementor-col-100 elementor-top-column elementor-element elementor-element-7da0521 exad-glass-effect-no exad-sticky-section-no\" data-id=\"7da0521\" data-element_type=\"column\" data-e-type=\"column\">\n\t\t\t<div class=\"elementor-widget-wrap elementor-element-populated\">\n\t\t\t\t\t\t<div class=\"elementor-element elementor-element-5be3487 exad-sticky-section-no exad-glass-effect-no elementor-widget elementor-widget-heading\" data-id=\"5be3487\" data-element_type=\"widget\" data-e-type=\"widget\" data-widget_type=\"heading.default\">\n\t\t\t\t<div class=\"elementor-widget-container\">\n\t\t\t\t\t<h1 class=\"elementor-heading-title elementor-size-xl\">Priser i Lagerkoll<\/h1>\t\t\t\t<\/div>\n\t\t\t\t<\/div>\n\t\t\t\t\t<\/div>\n\t\t<\/div>\n\t\t\t\t\t<\/div>\n\t\t<\/section>\n\t\t\t\t<section class=\"elementor-section elementor-top-section elementor-element elementor-element-d8baeb0 elementor-section-boxed elementor-section-height-default elementor-section-height-default exad-glass-effect-no exad-sticky-section-no\" data-id=\"d8baeb0\" data-element_type=\"section\" data-e-type=\"section\">\n\t\t\t\t\t\t<div class=\"elementor-container elementor-column-gap-default\">\n\t\t\t\t\t<div class=\"elementor-column elementor-col-100 elementor-top-column elementor-element elementor-element-521bb53 exad-glass-effect-no exad-sticky-section-no\" data-id=\"521bb53\" data-element_type=\"column\" data-e-type=\"column\">\n\t\t\t<div class=\"elementor-widget-wrap elementor-element-populated\">\n\t\t\t\t\t\t<div class=\"elementor-element elementor-element-2ebd92f exad-sticky-section-no exad-glass-effect-no elementor-widget elementor-widget-heading\" data-id=\"2ebd92f\" data-element_type=\"widget\" data-e-type=\"widget\" data-widget_type=\"heading.default\">\n\t\t\t\t<div class=\"elementor-widget-container\">\n\t\t\t\t\t<h2 class=\"elementor-heading-title elementor-size-large\">Prislistor<\/h2>\t\t\t\t<\/div>\n\t\t\t\t<\/div>\n\t\t\t\t<div class=\"elementor-element elementor-element-26aa87d exad-sticky-section-no exad-glass-effect-no elementor-widget elementor-widget-text-editor\" data-id=\"26aa87d\" data-element_type=\"widget\" data-e-type=\"widget\" data-widget_type=\"text-editor.default\">\n\t\t\t\t<div class=\"elementor-widget-container\">\n\t\t\t\t\t\t\t\t\t<p><span style=\"font-weight: 400;\">I Lagerkoll kan du ocks\u00e5 skapa olika prislistor som sedan kan anv\u00e4ndas med olika kunder och artiklar.\u00a0<\/span><\/p><ol><li style=\"font-weight: 400;\" aria-level=\"1\"><span style=\"font-weight: 400;\">I sidomenyn, v\u00e4lj <\/span><i><span style=\"font-weight: 400;\">Inst\u00e4llningar \u2192 Prislistor<\/span><\/i><span style=\"font-weight: 400;\">.<\/span><\/li><li style=\"font-weight: 400;\" aria-level=\"1\"><span style=\"font-weight: 400;\">Klicka <\/span><i><span style=\"font-weight: 400;\">L\u00e4gg till prislista <\/span><\/i><span style=\"font-weight: 400;\">och fyll i f\u00e4lten. F\u00e4lten <\/span><i><span style=\"font-weight: 400;\">Kod <\/span><\/i><span style=\"font-weight: 400;\">och <\/span><i><span style=\"font-weight: 400;\">Namn <\/span><\/i><span style=\"font-weight: 400;\">g\u00e5r inte att \u00e4ndra n\u00e4r prislistan sparats.\u00a0<\/span><\/li><li style=\"font-weight: 400;\" aria-level=\"1\"><span style=\"font-weight: 400;\">Klicka <\/span><i><span style=\"font-weight: 400;\">L\u00e4gg till prislista <\/span><\/i><span style=\"font-weight: 400;\">f\u00f6r att spara prislistan.\u00a0<\/span><\/li><\/ol><p><span style=\"font-weight: 400;\">F\u00f6r varje artikel kan du l\u00e4gga till priser per prislista. Detta g\u00f6rs i artikelregistret f\u00f6r varje enskild artikel under fliken <\/span><i><span style=\"font-weight: 400;\">F\u00f6rs\u00e4ljning<\/span><\/i><span style=\"font-weight: 400;\">.\u00a0<\/span><\/p><p><span style=\"font-weight: 400;\">F\u00f6r varje kund kan du l\u00e4gga till en prislista. Detta g\u00f6rs i kundregistret f\u00f6r respektive kund i rullgardinsmenyn <\/span><i><span style=\"font-weight: 400;\">Prislista.\u00a0<\/span><\/i><\/p>\t\t\t\t\t\t\t\t<\/div>\n\t\t\t\t<\/div>\n\t\t\t\t\t<\/div>\n\t\t<\/div>\n\t\t\t\t\t<\/div>\n\t\t<\/section>\n\t\t\t\t<section class=\"elementor-section elementor-top-section elementor-element elementor-element-0449602 elementor-section-boxed elementor-section-height-default elementor-section-height-default exad-glass-effect-no exad-sticky-section-no\" data-id=\"0449602\" data-element_type=\"section\" data-e-type=\"section\">\n\t\t\t\t\t\t<div class=\"elementor-container elementor-column-gap-default\">\n\t\t\t\t\t<div class=\"elementor-column elementor-col-100 elementor-top-column elementor-element elementor-element-9471909 exad-glass-effect-no exad-sticky-section-no\" data-id=\"9471909\" data-element_type=\"column\" data-e-type=\"column\">\n\t\t\t<div class=\"elementor-widget-wrap elementor-element-populated\">\n\t\t\t\t\t\t<div class=\"elementor-element elementor-element-c368e84 exad-sticky-section-no exad-glass-effect-no elementor-widget elementor-widget-heading\" data-id=\"c368e84\" data-element_type=\"widget\" data-e-type=\"widget\" data-widget_type=\"heading.default\">\n\t\t\t\t<div class=\"elementor-widget-container\">\n\t\t\t\t\t<h2 class=\"elementor-heading-title elementor-size-large\">Rabatter och taggar<\/h2>\t\t\t\t<\/div>\n\t\t\t\t<\/div>\n\t\t\t\t<div class=\"elementor-element elementor-element-b92e092 exad-sticky-section-no exad-glass-effect-no elementor-widget elementor-widget-text-editor\" data-id=\"b92e092\" data-element_type=\"widget\" data-e-type=\"widget\" data-widget_type=\"text-editor.default\">\n\t\t\t\t<div class=\"elementor-widget-container\">\n\t\t\t\t\t\t\t\t\t<p><span style=\"font-weight: 400;\">I Lagerkoll finns st\u00f6d f\u00f6r att l\u00e4gga in rabatter f\u00f6r kunder och artiklar. Detta g\u00f6rs genom att anv\u00e4nda taggar. Skapa en artikeltagg och v\u00e4lj procentsats f\u00f6r rabatten p\u00e5 kundens kundkort och l\u00e4gg sedan till samma tagg p\u00e5 de artiklar kunden ska f\u00e5 rabatt f\u00f6r.\u00a0<\/span><\/p><p><span style=\"font-weight: 400;\">F\u00f6r att l\u00e4gga till rabatt p\u00e5 din kund:\u00a0<\/span><\/p><ol><li style=\"font-weight: 400;\" aria-level=\"1\"><span style=\"font-weight: 400;\">I sidomenyn, v\u00e4lj <\/span><i><span style=\"font-weight: 400;\">Kunder \u2192 Kunder <\/span><\/i><span style=\"font-weight: 400;\">och v\u00e4lj \u00f6nskad kund.\u00a0<\/span><\/li><li style=\"font-weight: 400;\" aria-level=\"1\"><span style=\"font-weight: 400;\">Under <\/span><i><span style=\"font-weight: 400;\">Rabatter<\/span><\/i><span style=\"font-weight: 400;\">, skriv vad din rabatt ska heta i f\u00e4ltet <\/span><i><span style=\"font-weight: 400;\">Ange artikeltag<\/span><\/i><span style=\"font-weight: 400;\">.<\/span><\/li><li style=\"font-weight: 400;\" aria-level=\"1\"><span style=\"font-weight: 400;\">Klicka <\/span><i><span style=\"font-weight: 400;\">Skapa ny<\/span><\/i><span style=\"font-weight: 400;\"> i rullgardinsmenyn som visas n\u00e4r du b\u00f6rjat skriva.\u00a0<\/span><\/li><\/ol><p><span style=\"font-weight: 400;\">Du kan ocks\u00e5 v\u00e4lja en befintlig artikeltagg i rullgardinsmenyn.<\/span><\/p><ol><li style=\"font-weight: 400;\" aria-level=\"1\"><span style=\"font-weight: 400;\">Ange procentsats i f\u00e4ltet <\/span><i><span style=\"font-weight: 400;\">Ange rabatter (%)<\/span><\/i><span style=\"font-weight: 400;\">.\u00a0<\/span><\/li><li style=\"font-weight: 400;\" aria-level=\"1\"><span style=\"font-weight: 400;\">Klicka <\/span><i><span style=\"font-weight: 400;\">Add<\/span><\/i><span style=\"font-weight: 400;\">.\u00a0<\/span><\/li><\/ol><p><span style=\"font-weight: 400;\">Din artikeltagg har nu skapats.\u00a0<\/span><\/p><ol><li style=\"font-weight: 400;\" aria-level=\"1\"><span style=\"font-weight: 400;\">Klicka p\u00e5 <\/span><i><span style=\"font-weight: 400;\">Spara<\/span><\/i><span style=\"font-weight: 400;\"> f\u00f6r att spara att taggen lagts till p\u00e5 kunden.<\/span><\/li><\/ol><p><span style=\"font-weight: 400;\">Nu beh\u00f6ver du m\u00e4rka de artiklar kunden ska f\u00e5 rabatt f\u00f6r med samma tagg:<\/span><\/p><ol><li style=\"font-weight: 400;\" aria-level=\"1\"><span style=\"font-weight: 400;\">I sidomenyn, v\u00e4lj <\/span><i><span style=\"font-weight: 400;\">Artiklar \u2192 Artiklar <\/span><\/i><span style=\"font-weight: 400;\">och g\u00e5 till \u00f6nskad artikel.<\/span><\/li><li style=\"font-weight: 400;\" aria-level=\"1\"><span style=\"font-weight: 400;\">V\u00e4lj fliken <\/span><i><span style=\"font-weight: 400;\">Extra f\u00e4lt<\/span><\/i><span style=\"font-weight: 400;\">.\u00a0<\/span><\/li><li style=\"font-weight: 400;\" aria-level=\"1\"><span style=\"font-weight: 400;\">Under <\/span><i><span style=\"font-weight: 400;\">Taggar<\/span><\/i><span style=\"font-weight: 400;\">, b\u00f6rja skriv namnet p\u00e5 den tagg du \u00f6nskar l\u00e4gga till i f\u00e4ltet <\/span><i><span style=\"font-weight: 400;\">Ange tag<\/span><\/i><span style=\"font-weight: 400;\">.\u00a0<\/span><\/li><li style=\"font-weight: 400;\" aria-level=\"1\"><span style=\"font-weight: 400;\">Klicka p\u00e5 \u00f6nskad tagg i rullgardinsmenyn som visas n\u00e4r du b\u00f6rjat skriva.\u00a0<\/span><\/li><\/ol><p><span style=\"font-weight: 400;\">N\u00e4r taggen visas i f\u00e4ltet under \u00e4r den tillagd p\u00e5 artikeln.\u00a0<\/span><\/p><ol><li style=\"font-weight: 400;\" aria-level=\"1\"><span style=\"font-weight: 400;\">Klicka p\u00e5 <\/span><i><span style=\"font-weight: 400;\">Uppdatera artikel <\/span><\/i><span style=\"font-weight: 400;\">f\u00f6r att spara taggen p\u00e5 artikeln.<\/span><\/li><\/ol><p><span style=\"font-weight: 400;\">F\u00f6r att l\u00e4gga till rabatten p\u00e5 fler kunder\/artiklar, skriv namnet p\u00e5 din tagg i f\u00e4lten f\u00f6r rabatt\/tagg som du anv\u00e4nt ovan och v\u00e4lj ist\u00e4llet din befintliga rabatt i listan.\u00a0<\/span><\/p><p><span style=\"font-weight: 400;\">Det g\u00e5r att radera taggar fr\u00e5n kund och artikel. Det g\u00f6rs genom att klicka p\u00e5 <\/span><i><span style=\"font-weight: 400;\">x<\/span><\/i><span style=\"font-weight: 400;\"> f\u00f6r den tagg\/rabatt du \u00f6nskar radera. Det finns inget s\u00e4tt att radera skapade taggar\/rabatter fr\u00e5n ert konto.\u00a0<\/span><\/p><p><span style=\"font-weight: 400;\">N\u00e4r en\u00a0 kundorder l\u00e4ggs f\u00f6r en kund d\u00e4r rabatt \u00e4r inst\u00e4llt och artikeln \u00e4r m\u00e4rkt med matchande tagg kommer priset ta h\u00e4nsyn till rabatten.\u00a0<\/span><\/p>\t\t\t\t\t\t\t\t<\/div>\n\t\t\t\t<\/div>\n\t\t\t\t\t<\/div>\n\t\t<\/div>\n\t\t\t\t\t<\/div>\n\t\t<\/section>\n\t\t\t\t<\/div>","protected":false},"excerpt":{"rendered":"<p>Priser i Lagerkoll Prislistor I Lagerkoll kan du ocks\u00e5 skapa olika prislistor som sedan kan anv\u00e4ndas med olika kunder och artiklar.\u00a0 I sidomenyn, v\u00e4lj Inst\u00e4llningar \u2192 Prislistor. Klicka L\u00e4gg till prislista och fyll i f\u00e4lten. F\u00e4lten Kod och Namn g\u00e5r inte att \u00e4ndra n\u00e4r prislistan sparats.\u00a0 Klicka L\u00e4gg till prislista f\u00f6r att spara prislistan.\u00a0 F\u00f6r [&hellip;]<\/p>\n","protected":false},"author":1,"featured_media":0,"parent":0,"menu_order":0,"comment_status":"closed","ping_status":"closed","template":"","meta":{"footnotes":""},"class_list":["post-3870","page","type-page","status-publish","hentry","entry"],"yoast_head":"<!-- This site is optimized with the Yoast SEO plugin v27.4 - https:\/\/yoast.com\/product\/yoast-seo-wordpress\/ -->\n<title>Priser i Lagerkoll - LAGERKOLL<\/title>\n<meta name=\"robots\" content=\"index, follow, max-snippet:-1, max-image-preview:large, max-video-preview:-1\" \/>\n<link rel=\"canonical\" href=\"https:\/\/lagerkoll.com\/en\/priser\/\" \/>\n<meta property=\"og:locale\" content=\"en_GB\" \/>\n<meta property=\"og:type\" content=\"article\" \/>\n<meta property=\"og:title\" content=\"Priser i Lagerkoll - LAGERKOLL\" \/>\n<meta property=\"og:description\" content=\"Priser i Lagerkoll Prislistor I Lagerkoll kan du ocks\u00e5 skapa olika prislistor som sedan kan anv\u00e4ndas med olika kunder och artiklar.\u00a0 I sidomenyn, v\u00e4lj Inst\u00e4llningar \u2192 Prislistor. Klicka L\u00e4gg till prislista och fyll i f\u00e4lten. F\u00e4lten Kod och Namn g\u00e5r inte att \u00e4ndra n\u00e4r prislistan sparats.\u00a0 Klicka L\u00e4gg till prislista f\u00f6r att spara prislistan.\u00a0 F\u00f6r [&hellip;]\" \/>\n<meta property=\"og:url\" content=\"https:\/\/lagerkoll.com\/en\/priser\/\" \/>\n<meta property=\"og:site_name\" content=\"LAGERKOLL\" \/>\n<meta property=\"article:modified_time\" content=\"2023-03-13T09:34:05+00:00\" \/>\n<meta name=\"twitter:card\" content=\"summary_large_image\" \/>\n<meta name=\"twitter:label1\" content=\"Estimated reading time\" \/>\n\t<meta name=\"twitter:data1\" content=\"2 minutes\" \/>\n<script type=\"application\/ld+json\" class=\"yoast-schema-graph\">{\"@context\":\"https:\\\/\\\/schema.org\",\"@graph\":[{\"@type\":\"WebPage\",\"@id\":\"https:\\\/\\\/lagerkoll.com\\\/priser\\\/\",\"url\":\"https:\\\/\\\/lagerkoll.com\\\/priser\\\/\",\"name\":\"Priser i Lagerkoll - LAGERKOLL\",\"isPartOf\":{\"@id\":\"https:\\\/\\\/lagerkoll.com\\\/#website\"},\"datePublished\":\"2023-03-13T09:27:50+00:00\",\"dateModified\":\"2023-03-13T09:34:05+00:00\",\"breadcrumb\":{\"@id\":\"https:\\\/\\\/lagerkoll.com\\\/priser\\\/#breadcrumb\"},\"inLanguage\":\"en-GB\",\"potentialAction\":[{\"@type\":\"ReadAction\",\"target\":[\"https:\\\/\\\/lagerkoll.com\\\/priser\\\/\"]}]},{\"@type\":\"BreadcrumbList\",\"@id\":\"https:\\\/\\\/lagerkoll.com\\\/priser\\\/#breadcrumb\",\"itemListElement\":[{\"@type\":\"ListItem\",\"position\":1,\"name\":\"Hem\",\"item\":\"https:\\\/\\\/lagerkoll.com\\\/\"},{\"@type\":\"ListItem\",\"position\":2,\"name\":\"Priser i Lagerkoll\"}]},{\"@type\":\"WebSite\",\"@id\":\"https:\\\/\\\/lagerkoll.com\\\/#website\",\"url\":\"https:\\\/\\\/lagerkoll.com\\\/\",\"name\":\"LAGERKOLL\",\"description\":\"H\u00e5ll koll p\u00e5 ditt lager med Lagerkoll\",\"publisher\":{\"@id\":\"https:\\\/\\\/lagerkoll.com\\\/#organization\"},\"potentialAction\":[{\"@type\":\"SearchAction\",\"target\":{\"@type\":\"EntryPoint\",\"urlTemplate\":\"https:\\\/\\\/lagerkoll.com\\\/?s={search_term_string}\"},\"query-input\":{\"@type\":\"PropertyValueSpecification\",\"valueRequired\":true,\"valueName\":\"search_term_string\"}}],\"inLanguage\":\"en-GB\"},{\"@type\":\"Organization\",\"@id\":\"https:\\\/\\\/lagerkoll.com\\\/#organization\",\"name\":\"LAGERKOLL\",\"url\":\"https:\\\/\\\/lagerkoll.com\\\/\",\"logo\":{\"@type\":\"ImageObject\",\"inLanguage\":\"en-GB\",\"@id\":\"https:\\\/\\\/lagerkoll.com\\\/#\\\/schema\\\/logo\\\/image\\\/\",\"url\":\"https:\\\/\\\/lagerkoll.com\\\/wp-content\\\/uploads\\\/2020\\\/03\\\/lagerkoll_logo_180x40.png\",\"contentUrl\":\"https:\\\/\\\/lagerkoll.com\\\/wp-content\\\/uploads\\\/2020\\\/03\\\/lagerkoll_logo_180x40.png\",\"width\":180,\"height\":40,\"caption\":\"LAGERKOLL\"},\"image\":{\"@id\":\"https:\\\/\\\/lagerkoll.com\\\/#\\\/schema\\\/logo\\\/image\\\/\"}}]}<\/script>\n<!-- \/ Yoast SEO plugin. -->","yoast_head_json":{"title":"Priser i Lagerkoll - LAGERKOLL","robots":{"index":"index","follow":"follow","max-snippet":"max-snippet:-1","max-image-preview":"max-image-preview:large","max-video-preview":"max-video-preview:-1"},"canonical":"https:\/\/lagerkoll.com\/en\/priser\/","og_locale":"en_GB","og_type":"article","og_title":"Priser i Lagerkoll - LAGERKOLL","og_description":"Priser i Lagerkoll Prislistor I Lagerkoll kan du ocks\u00e5 skapa olika prislistor som sedan kan anv\u00e4ndas med olika kunder och artiklar.\u00a0 I sidomenyn, v\u00e4lj Inst\u00e4llningar \u2192 Prislistor. Klicka L\u00e4gg till prislista och fyll i f\u00e4lten. F\u00e4lten Kod och Namn g\u00e5r inte att \u00e4ndra n\u00e4r prislistan sparats.\u00a0 Klicka L\u00e4gg till prislista f\u00f6r att spara prislistan.\u00a0 F\u00f6r [&hellip;]","og_url":"https:\/\/lagerkoll.com\/en\/priser\/","og_site_name":"LAGERKOLL","article_modified_time":"2023-03-13T09:34:05+00:00","twitter_card":"summary_large_image","twitter_misc":{"Estimated reading time":"2 minutes"},"schema":{"@context":"https:\/\/schema.org","@graph":[{"@type":"WebPage","@id":"https:\/\/lagerkoll.com\/priser\/","url":"https:\/\/lagerkoll.com\/priser\/","name":"Priser i Lagerkoll - LAGERKOLL","isPartOf":{"@id":"https:\/\/lagerkoll.com\/#website"},"datePublished":"2023-03-13T09:27:50+00:00","dateModified":"2023-03-13T09:34:05+00:00","breadcrumb":{"@id":"https:\/\/lagerkoll.com\/priser\/#breadcrumb"},"inLanguage":"en-GB","potentialAction":[{"@type":"ReadAction","target":["https:\/\/lagerkoll.com\/priser\/"]}]},{"@type":"BreadcrumbList","@id":"https:\/\/lagerkoll.com\/priser\/#breadcrumb","itemListElement":[{"@type":"ListItem","position":1,"name":"Hem","item":"https:\/\/lagerkoll.com\/"},{"@type":"ListItem","position":2,"name":"Priser i Lagerkoll"}]},{"@type":"WebSite","@id":"https:\/\/lagerkoll.com\/#website","url":"https:\/\/lagerkoll.com\/","name":"LAGERKOLL","description":"H\u00e5ll koll p\u00e5 ditt lager med Lagerkoll","publisher":{"@id":"https:\/\/lagerkoll.com\/#organization"},"potentialAction":[{"@type":"SearchAction","target":{"@type":"EntryPoint","urlTemplate":"https:\/\/lagerkoll.com\/?s={search_term_string}"},"query-input":{"@type":"PropertyValueSpecification","valueRequired":true,"valueName":"search_term_string"}}],"inLanguage":"en-GB"},{"@type":"Organization","@id":"https:\/\/lagerkoll.com\/#organization","name":"LAGERKOLL","url":"https:\/\/lagerkoll.com\/","logo":{"@type":"ImageObject","inLanguage":"en-GB","@id":"https:\/\/lagerkoll.com\/#\/schema\/logo\/image\/","url":"https:\/\/lagerkoll.com\/wp-content\/uploads\/2020\/03\/lagerkoll_logo_180x40.png","contentUrl":"https:\/\/lagerkoll.com\/wp-content\/uploads\/2020\/03\/lagerkoll_logo_180x40.png","width":180,"height":40,"caption":"LAGERKOLL"},"image":{"@id":"https:\/\/lagerkoll.com\/#\/schema\/logo\/image\/"}}]}},"_links":{"self":[{"href":"https:\/\/lagerkoll.com\/en\/wp-json\/wp\/v2\/pages\/3870","targetHints":{"allow":["GET"]}}],"collection":[{"href":"https:\/\/lagerkoll.com\/en\/wp-json\/wp\/v2\/pages"}],"about":[{"href":"https:\/\/lagerkoll.com\/en\/wp-json\/wp\/v2\/types\/page"}],"author":[{"embeddable":true,"href":"https:\/\/lagerkoll.com\/en\/wp-json\/wp\/v2\/users\/1"}],"replies":[{"embeddable":true,"href":"https:\/\/lagerkoll.com\/en\/wp-json\/wp\/v2\/comments?post=3870"}],"version-history":[{"count":5,"href":"https:\/\/lagerkoll.com\/en\/wp-json\/wp\/v2\/pages\/3870\/revisions"}],"predecessor-version":[{"id":3875,"href":"https:\/\/lagerkoll.com\/en\/wp-json\/wp\/v2\/pages\/3870\/revisions\/3875"}],"wp:attachment":[{"href":"https:\/\/lagerkoll.com\/en\/wp-json\/wp\/v2\/media?parent=3870"}],"curies":[{"name":"wp","href":"https:\/\/api.w.org\/{rel}","templated":true}]}}