{"id":281,"date":"2020-07-21T09:51:54","date_gmt":"2020-07-21T09:51:54","guid":{"rendered":"https:\/\/lagerkoll.com\/?page_id=281"},"modified":"2025-11-24T09:42:48","modified_gmt":"2025-11-24T09:42:48","slug":"spiris","status":"publish","type":"page","link":"https:\/\/lagerkoll.com\/en\/integrationer\/spiris\/","title":{"rendered":"Spiris"},"content":{"rendered":"<p><img fetchpriority=\"high\" decoding=\"async\" width=\"1024\" height=\"286\" src=\"https:\/\/lagerkoll.com\/wp-content\/uploads\/2025\/11\/spiris-visma-primary-logo-black-rgb-1024x286.png\" alt=\"\" srcset=\"https:\/\/lagerkoll.com\/wp-content\/uploads\/2025\/11\/spiris-visma-primary-logo-black-rgb-1024x286.png 1024w, https:\/\/lagerkoll.com\/wp-content\/uploads\/2025\/11\/spiris-visma-primary-logo-black-rgb-300x84.png 300w, https:\/\/lagerkoll.com\/wp-content\/uploads\/2025\/11\/spiris-visma-primary-logo-black-rgb-768x215.png 768w, https:\/\/lagerkoll.com\/wp-content\/uploads\/2025\/11\/spiris-visma-primary-logo-black-rgb-1536x429.png 1536w, https:\/\/lagerkoll.com\/wp-content\/uploads\/2025\/11\/spiris-visma-primary-logo-black-rgb-2048x572.png 2048w, https:\/\/lagerkoll.com\/wp-content\/uploads\/2025\/11\/spiris-visma-primary-logo-black-rgb-18x5.png 18w, https:\/\/lagerkoll.com\/wp-content\/uploads\/2025\/11\/spiris-visma-primary-logo-black-rgb-600x168.png 600w\" sizes=\"(max-width: 1024px) 100vw, 1024px\" \/>\t\t\t\t\t\t\t\t\t\t\t\t\t\t\t<\/p>\n<h2>Lagerkolls integration med Spiris<\/h2>\n<p>Med integrationen har du\u00a0 avancerad lagerhantering i Lagerkoll och kan koppla det med din ekonomihantering.\u00a0 I Lagerkoll kan du skapa order och anv\u00e4nda prislistor. Du kan skapa fakturor fakturera order till kund i Spiris. Order som kommer in till Spiris h\u00e4mtas till\u00a0 Lagerkoll och kan plockas och packas innan fakturering.\u00a0 Genom Spiris kan du \u00e4ven koppla ihop andra integrationer till Spiris med Lagerkoll.<\/p>\n<p>Med integrationen s\u00e5 synkar Lagerkoll och Spiris i b\u00e5da riktningar. Integrationen aktiveras genom till\u00e4gget Spiris integration i Lagerkoll d\u00e4r anv\u00e4ndare aktiverar och godk\u00e4nner att Lagerkoll har beh\u00f6righet att prata med Spiris. Aktivering och godk\u00e4nnande g\u00f6rs genom ett par klick och kr\u00e4ver ingen f\u00f6rkunskap eller digital vana.<\/p>\n<p>Det som synkas:<\/p>\n<ul>\n<li>Artiklar<\/li>\n<li>Order<\/li>\n<li>Kunder<\/li>\n<li>Leverant\u00f6rer<\/li>\n<\/ul>\n<h2>\n<h4>Om Spiris<\/h4>\n<\/h2>\n<p>Spiris \u00e4r en flexibel ekonomiplattform d\u00e4r f\u00f6retag abonnerar p\u00e5 olika funktioner och kan sk\u00f6ta sin ekonomi var som helst. L\u00e4s mer p\u00e5\u00a0<a title=\"https:\/\/www.spiris.se\" href=\"https:\/\/www.spiris.se\/\">Spiris.se<\/a>.<\/p>","protected":false},"excerpt":{"rendered":"<p>Lagerkolls integration med Spiris Med integrationen har du\u00a0 avancerad lagerhantering i Lagerkoll och kan koppla det med din ekonomihantering.\u00a0 I Lagerkoll kan du skapa order och anv\u00e4nda prislistor. Du kan skapa fakturor fakturera order till kund i Spiris. Order som kommer in till Spiris h\u00e4mtas till\u00a0 Lagerkoll och kan plockas och packas innan fakturering.\u00a0 Genom [&hellip;]<\/p>\n","protected":false},"author":1,"featured_media":0,"parent":283,"menu_order":0,"comment_status":"closed","ping_status":"closed","template":"","meta":{"footnotes":""},"class_list":["post-281","page","type-page","status-publish","hentry","entry"],"yoast_head":"<!-- This site is optimized with the Yoast SEO plugin v27.5 - https:\/\/yoast.com\/product\/yoast-seo-wordpress\/ -->\n<title>Spiris - LAGERKOLL<\/title>\n<meta name=\"robots\" content=\"index, follow, max-snippet:-1, max-image-preview:large, max-video-preview:-1\" \/>\n<link rel=\"canonical\" href=\"https:\/\/lagerkoll.com\/en\/integrationer\/spiris\/\" \/>\n<meta property=\"og:locale\" content=\"en_GB\" \/>\n<meta property=\"og:type\" content=\"article\" \/>\n<meta property=\"og:title\" content=\"Spiris - LAGERKOLL\" \/>\n<meta property=\"og:description\" content=\"Lagerkolls integration med Spiris Med integrationen har du\u00a0 avancerad lagerhantering i Lagerkoll och kan koppla det med din ekonomihantering.\u00a0 I Lagerkoll kan du skapa order och anv\u00e4nda prislistor. Du kan skapa fakturor fakturera order till kund i Spiris. Order som kommer in till Spiris h\u00e4mtas till\u00a0 Lagerkoll och kan plockas och packas innan fakturering.\u00a0 Genom [&hellip;]\" \/>\n<meta property=\"og:url\" content=\"https:\/\/lagerkoll.com\/en\/integrationer\/spiris\/\" \/>\n<meta property=\"og:site_name\" content=\"LAGERKOLL\" \/>\n<meta property=\"article:modified_time\" content=\"2025-11-24T09:42:48+00:00\" \/>\n<meta property=\"og:image\" content=\"https:\/\/lagerkoll.com\/wp-content\/uploads\/2025\/11\/spiris-visma-primary-logo-black-rgb-1024x286.png\" \/>\n<meta name=\"twitter:card\" content=\"summary_large_image\" \/>\n<meta name=\"twitter:label1\" content=\"Estimated reading time\" \/>\n\t<meta name=\"twitter:data1\" content=\"1 minute\" \/>\n<script type=\"application\/ld+json\" class=\"yoast-schema-graph\">{\"@context\":\"https:\\\/\\\/schema.org\",\"@graph\":[{\"@type\":\"WebPage\",\"@id\":\"https:\\\/\\\/lagerkoll.com\\\/integrationer\\\/spiris\\\/\",\"url\":\"https:\\\/\\\/lagerkoll.com\\\/integrationer\\\/spiris\\\/\",\"name\":\"Spiris - LAGERKOLL\",\"isPartOf\":{\"@id\":\"https:\\\/\\\/lagerkoll.com\\\/#website\"},\"primaryImageOfPage\":{\"@id\":\"https:\\\/\\\/lagerkoll.com\\\/integrationer\\\/spiris\\\/#primaryimage\"},\"image\":{\"@id\":\"https:\\\/\\\/lagerkoll.com\\\/integrationer\\\/spiris\\\/#primaryimage\"},\"thumbnailUrl\":\"https:\\\/\\\/lagerkoll.com\\\/wp-content\\\/uploads\\\/2025\\\/11\\\/spiris-visma-primary-logo-black-rgb-1024x286.png\",\"datePublished\":\"2020-07-21T09:51:54+00:00\",\"dateModified\":\"2025-11-24T09:42:48+00:00\",\"breadcrumb\":{\"@id\":\"https:\\\/\\\/lagerkoll.com\\\/integrationer\\\/spiris\\\/#breadcrumb\"},\"inLanguage\":\"en-GB\",\"potentialAction\":[{\"@type\":\"ReadAction\",\"target\":[\"https:\\\/\\\/lagerkoll.com\\\/integrationer\\\/spiris\\\/\"]}]},{\"@type\":\"ImageObject\",\"inLanguage\":\"en-GB\",\"@id\":\"https:\\\/\\\/lagerkoll.com\\\/integrationer\\\/spiris\\\/#primaryimage\",\"url\":\"https:\\\/\\\/lagerkoll.com\\\/wp-content\\\/uploads\\\/2025\\\/11\\\/spiris-visma-primary-logo-black-rgb-1024x286.png\",\"contentUrl\":\"https:\\\/\\\/lagerkoll.com\\\/wp-content\\\/uploads\\\/2025\\\/11\\\/spiris-visma-primary-logo-black-rgb-1024x286.png\"},{\"@type\":\"BreadcrumbList\",\"@id\":\"https:\\\/\\\/lagerkoll.com\\\/integrationer\\\/spiris\\\/#breadcrumb\",\"itemListElement\":[{\"@type\":\"ListItem\",\"position\":1,\"name\":\"Hem\",\"item\":\"https:\\\/\\\/lagerkoll.com\\\/\"},{\"@type\":\"ListItem\",\"position\":2,\"name\":\"Integrationer\",\"item\":\"https:\\\/\\\/lagerkoll.com\\\/integrationer\\\/\"},{\"@type\":\"ListItem\",\"position\":3,\"name\":\"Spiris\"}]},{\"@type\":\"WebSite\",\"@id\":\"https:\\\/\\\/lagerkoll.com\\\/#website\",\"url\":\"https:\\\/\\\/lagerkoll.com\\\/\",\"name\":\"LAGERKOLL\",\"description\":\"H\u00e5ll koll p\u00e5 ditt lager med Lagerkoll\",\"publisher\":{\"@id\":\"https:\\\/\\\/lagerkoll.com\\\/#organization\"},\"potentialAction\":[{\"@type\":\"SearchAction\",\"target\":{\"@type\":\"EntryPoint\",\"urlTemplate\":\"https:\\\/\\\/lagerkoll.com\\\/?s={search_term_string}\"},\"query-input\":{\"@type\":\"PropertyValueSpecification\",\"valueRequired\":true,\"valueName\":\"search_term_string\"}}],\"inLanguage\":\"en-GB\"},{\"@type\":\"Organization\",\"@id\":\"https:\\\/\\\/lagerkoll.com\\\/#organization\",\"name\":\"LAGERKOLL\",\"url\":\"https:\\\/\\\/lagerkoll.com\\\/\",\"logo\":{\"@type\":\"ImageObject\",\"inLanguage\":\"en-GB\",\"@id\":\"https:\\\/\\\/lagerkoll.com\\\/#\\\/schema\\\/logo\\\/image\\\/\",\"url\":\"https:\\\/\\\/lagerkoll.com\\\/wp-content\\\/uploads\\\/2020\\\/03\\\/lagerkoll_logo_180x40.png\",\"contentUrl\":\"https:\\\/\\\/lagerkoll.com\\\/wp-content\\\/uploads\\\/2020\\\/03\\\/lagerkoll_logo_180x40.png\",\"width\":180,\"height\":40,\"caption\":\"LAGERKOLL\"},\"image\":{\"@id\":\"https:\\\/\\\/lagerkoll.com\\\/#\\\/schema\\\/logo\\\/image\\\/\"}}]}<\/script>\n<!-- \/ Yoast SEO plugin. -->","yoast_head_json":{"title":"Spiris - LAGERKOLL","robots":{"index":"index","follow":"follow","max-snippet":"max-snippet:-1","max-image-preview":"max-image-preview:large","max-video-preview":"max-video-preview:-1"},"canonical":"https:\/\/lagerkoll.com\/en\/integrationer\/spiris\/","og_locale":"en_GB","og_type":"article","og_title":"Spiris - LAGERKOLL","og_description":"Lagerkolls integration med Spiris Med integrationen har du\u00a0 avancerad lagerhantering i Lagerkoll och kan koppla det med din ekonomihantering.\u00a0 I Lagerkoll kan du skapa order och anv\u00e4nda prislistor. Du kan skapa fakturor fakturera order till kund i Spiris. Order som kommer in till Spiris h\u00e4mtas till\u00a0 Lagerkoll och kan plockas och packas innan fakturering.\u00a0 Genom [&hellip;]","og_url":"https:\/\/lagerkoll.com\/en\/integrationer\/spiris\/","og_site_name":"LAGERKOLL","article_modified_time":"2025-11-24T09:42:48+00:00","og_image":[{"url":"https:\/\/lagerkoll.com\/wp-content\/uploads\/2025\/11\/spiris-visma-primary-logo-black-rgb-1024x286.png","type":"","width":"","height":""}],"twitter_card":"summary_large_image","twitter_misc":{"Estimated reading time":"1 minute"},"schema":{"@context":"https:\/\/schema.org","@graph":[{"@type":"WebPage","@id":"https:\/\/lagerkoll.com\/integrationer\/spiris\/","url":"https:\/\/lagerkoll.com\/integrationer\/spiris\/","name":"Spiris - LAGERKOLL","isPartOf":{"@id":"https:\/\/lagerkoll.com\/#website"},"primaryImageOfPage":{"@id":"https:\/\/lagerkoll.com\/integrationer\/spiris\/#primaryimage"},"image":{"@id":"https:\/\/lagerkoll.com\/integrationer\/spiris\/#primaryimage"},"thumbnailUrl":"https:\/\/lagerkoll.com\/wp-content\/uploads\/2025\/11\/spiris-visma-primary-logo-black-rgb-1024x286.png","datePublished":"2020-07-21T09:51:54+00:00","dateModified":"2025-11-24T09:42:48+00:00","breadcrumb":{"@id":"https:\/\/lagerkoll.com\/integrationer\/spiris\/#breadcrumb"},"inLanguage":"en-GB","potentialAction":[{"@type":"ReadAction","target":["https:\/\/lagerkoll.com\/integrationer\/spiris\/"]}]},{"@type":"ImageObject","inLanguage":"en-GB","@id":"https:\/\/lagerkoll.com\/integrationer\/spiris\/#primaryimage","url":"https:\/\/lagerkoll.com\/wp-content\/uploads\/2025\/11\/spiris-visma-primary-logo-black-rgb-1024x286.png","contentUrl":"https:\/\/lagerkoll.com\/wp-content\/uploads\/2025\/11\/spiris-visma-primary-logo-black-rgb-1024x286.png"},{"@type":"BreadcrumbList","@id":"https:\/\/lagerkoll.com\/integrationer\/spiris\/#breadcrumb","itemListElement":[{"@type":"ListItem","position":1,"name":"Hem","item":"https:\/\/lagerkoll.com\/"},{"@type":"ListItem","position":2,"name":"Integrationer","item":"https:\/\/lagerkoll.com\/integrationer\/"},{"@type":"ListItem","position":3,"name":"Spiris"}]},{"@type":"WebSite","@id":"https:\/\/lagerkoll.com\/#website","url":"https:\/\/lagerkoll.com\/","name":"LAGERKOLL","description":"H\u00e5ll koll p\u00e5 ditt lager med Lagerkoll","publisher":{"@id":"https:\/\/lagerkoll.com\/#organization"},"potentialAction":[{"@type":"SearchAction","target":{"@type":"EntryPoint","urlTemplate":"https:\/\/lagerkoll.com\/?s={search_term_string}"},"query-input":{"@type":"PropertyValueSpecification","valueRequired":true,"valueName":"search_term_string"}}],"inLanguage":"en-GB"},{"@type":"Organization","@id":"https:\/\/lagerkoll.com\/#organization","name":"LAGERKOLL","url":"https:\/\/lagerkoll.com\/","logo":{"@type":"ImageObject","inLanguage":"en-GB","@id":"https:\/\/lagerkoll.com\/#\/schema\/logo\/image\/","url":"https:\/\/lagerkoll.com\/wp-content\/uploads\/2020\/03\/lagerkoll_logo_180x40.png","contentUrl":"https:\/\/lagerkoll.com\/wp-content\/uploads\/2020\/03\/lagerkoll_logo_180x40.png","width":180,"height":40,"caption":"LAGERKOLL"},"image":{"@id":"https:\/\/lagerkoll.com\/#\/schema\/logo\/image\/"}}]}},"_links":{"self":[{"href":"https:\/\/lagerkoll.com\/en\/wp-json\/wp\/v2\/pages\/281","targetHints":{"allow":["GET"]}}],"collection":[{"href":"https:\/\/lagerkoll.com\/en\/wp-json\/wp\/v2\/pages"}],"about":[{"href":"https:\/\/lagerkoll.com\/en\/wp-json\/wp\/v2\/types\/page"}],"author":[{"embeddable":true,"href":"https:\/\/lagerkoll.com\/en\/wp-json\/wp\/v2\/users\/1"}],"replies":[{"embeddable":true,"href":"https:\/\/lagerkoll.com\/en\/wp-json\/wp\/v2\/comments?post=281"}],"version-history":[{"count":10,"href":"https:\/\/lagerkoll.com\/en\/wp-json\/wp\/v2\/pages\/281\/revisions"}],"predecessor-version":[{"id":4315,"href":"https:\/\/lagerkoll.com\/en\/wp-json\/wp\/v2\/pages\/281\/revisions\/4315"}],"up":[{"embeddable":true,"href":"https:\/\/lagerkoll.com\/en\/wp-json\/wp\/v2\/pages\/283"}],"wp:attachment":[{"href":"https:\/\/lagerkoll.com\/en\/wp-json\/wp\/v2\/media?parent=281"}],"curies":[{"name":"wp","href":"https:\/\/api.w.org\/{rel}","templated":true}]}}